{"id":120,"date":"2022-12-06T20:01:53","date_gmt":"2022-12-06T19:01:53","guid":{"rendered":"https:\/\/asdim.org\/?page_id=120"},"modified":"2022-12-06T20:30:53","modified_gmt":"2022-12-06T19:30:53","slug":"programmi-futuri","status":"publish","type":"page","link":"https:\/\/asdim.org\/index.php\/programmi-futuri\/","title":{"rendered":"Programmi Futuri"},"content":{"rendered":"\n<p>Il Consiglio Direttivo evidenzia l\u2019impegno rivolto anche per l\u2019anno 2023 all\u2019incremento dell\u2019informazione ai soci e a tutta la cittadinanza con programmi formativi di vario genere (educazionali, sportivi, d\u2019arte, di teatro e di cucina) nel tentativo di sensibilizzare in maniera sempre pi\u00f9 incisiva la popolazione sul problema diabete.<\/p>\n\n\n\n<p>Ha in corso di preparazione il progetto denominato \u201cABILMENTE IN FORMA\u201d che prevede la realizzazione di una palestra riabilitativa per diabetici cronici e\/o amputati e ambulatorio sociale da destinare, in parte, a visite mediche gratuite per persone meno abbienti<\/p>\n\n\n\n<p>Il bene salute \u00e8 prodotto dall\u2019impegno di vari e differenti interlocutori non solo provenienti dal mondo sanitario; occorre una maggiore responsabilizzazione di tutti, comprese le persone con diabete, allo scopo di ritardare se non prevenire l\u2019insorgenza delle complicanze di questa malattia.<\/p>\n\n\n\n<p>Il ruolo di assistenza sociale dell\u2019Associazione \u00e8 solo una parte della indispensabile attivit\u00e0. Dovr\u00e0 risultare prevalente una maggiore informazione e la consapevolezza delle persone affette dal diabete. Questo processo di crescita nella stima di s\u00e9, della autosufficienza e della autodeterminazione devono fare emergere nell\u2019individuo risorse latenti che lo portino ad appropriarsi consapevolmente del proprio potenziale, rovesciando la percezione dei limiti indotti dalla patologia raggiungendo risultati superiori alle proprie aspettative.<\/p>\n\n\n\n<p>L\u2019Associazione \u00e8 da sempre impegnata perch\u00e9 la patologia diabetica sia affrontata in un\u2019ottica di gestione integrata tra i medici specialistici e i medici di medicina generale, cosi come deliberato dalla Regione in un recente Percorso Diagnostico Terapeutico Assistenziale, al fine di poter assicurare un miglioramento della qualit\u00e0 della vita del paziente e la prevenzione del diabete.<\/p>\n\n\n\n<p>L\u2019Associazione si pone l\u2019obiettivo di ampliare e potenziare attivit\u00e0 mediche e infiermeristiche nella propria struttura e diventare un punto di riferimento su una patologia complessa e poco conosciuta come il piede diabetico, ma che in Campania determina numeri paragonabili a una guerra, basti pensare che c\u2019\u00e8 un\u2019amputazione parziale e\/o totale del piede al giorno.<\/p>\n\n\n\n<figure class=\"wp-block-image size-large is-resized\"><img loading=\"lazy\" decoding=\"async\" src=\"https:\/\/asdim.org\/wp-content\/uploads\/2022\/12\/slider1-2-1024x347.jpg\" alt=\"\" class=\"wp-image-122\" width=\"1290\" height=\"437\" srcset=\"https:\/\/asdim.org\/wp-content\/uploads\/2022\/12\/slider1-2-1024x347.jpg 1024w, https:\/\/asdim.org\/wp-content\/uploads\/2022\/12\/slider1-2-300x102.jpg 300w, https:\/\/asdim.org\/wp-content\/uploads\/2022\/12\/slider1-2-768x260.jpg 768w, https:\/\/asdim.org\/wp-content\/uploads\/2022\/12\/slider1-2.jpg 1300w\" sizes=\"auto, (max-width: 1290px) 100vw, 1290px\" \/><\/figure>\n","protected":false},"excerpt":{"rendered":"<p>Il Consiglio Direttivo evidenzia l\u2019impegno rivolto anche per l\u2019anno 2023 all\u2019incremento dell\u2019informazione ai soci e a tutta la cittadinanza con programmi formativi di vario genere (educazionali, sportivi, d\u2019arte, di teatro e di cucina) nel tentativo di sensibilizzare in maniera sempre pi\u00f9 incisiva la popolazione sul problema diabete. Ha in corso di preparazione il progetto denominato [&hellip;]<\/p>\n","protected":false},"author":1,"featured_media":0,"parent":0,"menu_order":0,"comment_status":"closed","ping_status":"closed","template":"","meta":{"give_campaign_id":0,"footnotes":""},"class_list":["post-120","page","type-page","status-publish","hentry"],"blocksy_meta":{"styles_descriptor":{"styles":{"desktop":"","tablet":"","mobile":""},"google_fonts":[],"version":6}},"campaignId":"","_links":{"self":[{"href":"https:\/\/asdim.org\/index.php\/wp-json\/wp\/v2\/pages\/120","targetHints":{"allow":["GET"]}}],"collection":[{"href":"https:\/\/asdim.org\/index.php\/wp-json\/wp\/v2\/pages"}],"about":[{"href":"https:\/\/asdim.org\/index.php\/wp-json\/wp\/v2\/types\/page"}],"author":[{"embeddable":true,"href":"https:\/\/asdim.org\/index.php\/wp-json\/wp\/v2\/users\/1"}],"replies":[{"embeddable":true,"href":"https:\/\/asdim.org\/index.php\/wp-json\/wp\/v2\/comments?post=120"}],"version-history":[{"count":2,"href":"https:\/\/asdim.org\/index.php\/wp-json\/wp\/v2\/pages\/120\/revisions"}],"predecessor-version":[{"id":138,"href":"https:\/\/asdim.org\/index.php\/wp-json\/wp\/v2\/pages\/120\/revisions\/138"}],"wp:attachment":[{"href":"https:\/\/asdim.org\/index.php\/wp-json\/wp\/v2\/media?parent=120"}],"curies":[{"name":"wp","href":"https:\/\/api.w.org\/{rel}","templated":true}]}}