{"id":189,"date":"2025-10-28T19:44:27","date_gmt":"2025-10-28T18:44:27","guid":{"rendered":"https:\/\/asdim.org\/?page_id=189"},"modified":"2025-10-31T11:56:45","modified_gmt":"2025-10-31T10:56:45","slug":"in-memoria-di-giuseppina-2","status":"publish","type":"page","link":"https:\/\/asdim.org\/index.php\/in-memoria-di-giuseppina-2\/","title":{"rendered":"In Memoria di Pina"},"content":{"rendered":"\n<h3 class=\"wp-block-heading\">Una vita al servizio degli altri<\/h3>\n\n\n\n<p class=\"has-text-align-left\"><img loading=\"lazy\" decoding=\"async\" width=\"150\" height=\"180\" class=\"wp-image-235\" style=\"width: 150px;\" src=\"http:\/\/asdim.org\/wp-content\/uploads\/2025\/10\/Pina-Serino.jpg\" alt=\"\" srcset=\"https:\/\/asdim.org\/wp-content\/uploads\/2025\/10\/Pina-Serino.jpg 676w, https:\/\/asdim.org\/wp-content\/uploads\/2025\/10\/Pina-Serino-251x300.jpg 251w\" sizes=\"auto, (max-width: 150px) 100vw, 150px\" \/><\/p>\n\n\n\n<p class=\"has-text-align-left\">La nostra associazione si unisce al dolore del nostro membro del Direttivo, <strong>Arturo Varricchio<\/strong>, per la perdita della sua amata madre, <strong>Pina Serino<\/strong>, da anni socia attiva e parte integrante della nostra comunit\u00e0.<\/p>\n\n\n\n<p>Pina ha sostenuto con discrezione e profondit\u00e0 il cammino di <strong>AsDIM<\/strong>, incarnando i valori di solidariet\u00e0, dignit\u00e0 e rispetto per ogni persona.<\/p>\n\n\n\n<p>Per chi desidera darle un ultimo saluto, <strong>domenica 2 novembre alle ore 10:00<\/strong>, presso la <strong>chiesa di San Modesto a Benevento<\/strong> , si terr\u00e0 una <strong>messa in suffragio<\/strong> in sua memoria.<\/p>\n\n\n\n<p>Per volont\u00e0 della famiglia, chi desidera onorarla pu\u00f2 farlo anche attraverso una <strong>donazione a favore di AsDIM<\/strong>, in luogo di fiori o omaggi floreali.<\/p>\n\n\n\n<h3 class=\"wp-block-heading\">Come donare<\/h3>\n\n\n\n<p>\ud83d\udcb3 <strong>Bonifico bancario<\/strong><\/p>\n\n\n\n<ul class=\"wp-block-list\">\n<li><strong>Intestatario:<\/strong> AsDIM \u2013 Associazione Diabetici Italia Meridionale<\/li>\n\n\n\n<li><strong>IBAN:<\/strong> <em>IT08 U052 6215 001C C135 0001 421<\/em><\/li>\n\n\n\n<li><strong>Causale consigliata:<\/strong> <em>Donazione in memoria di Pina<\/em> Serino<\/li>\n<\/ul>\n\n\n\n<p>\ud83d\udce5 <strong>Oppure dona online:<\/strong><\/p>\n\n\n\n<p>Ogni contributo sar\u00e0 utilizzato per proseguire l\u2019impegno che Giuseppina ha sostenuto, nel rispetto dei valori che le erano cari.<\/p>\n\n\n<div class='root-data-givewp-embed' data-form-locale='it_IT' data-form-url='https:\/\/asdim.org\/?post_type=give_forms&#038;p=196' data-form-view-url='https:\/\/asdim.org\/?givewp-route=donation-form-view&form-id=196' data-src='https:\/\/asdim.org\/?givewp-route=donation-form-view&form-id=196' data-givewp-embed-id='give-form-shortcode-1' data-form-format='' data-open-form-button='Dona ora' style='--givewp-primary-color: #0b72d9; --givewp-secondary-color: #27ae60;'><\/div>\n\n\n\n<p>Ogni contributo sar\u00e0 utilizzato per sostenere le attivit\u00e0 dell\u2019associazione, nel rispetto dei valori che Pina ha sempre sostenuto.<\/p>\n\n\n\n<h3 class=\"wp-block-heading\">\u270d\ufe0f Lascia un pensiero o un ricordo<\/h3>\n\n\n\n<p>Se desideri condividere un ricordo, un messaggio o una parola di affetto, puoi farlo nello spazio qui sotto.<br>I pensieri raccolti verranno condivisi con la famiglia e, se autorizzato, pubblicati in uno spazio commemorativo.<\/p>\n\n\n\n<p><\/p>\n","protected":false},"excerpt":{"rendered":"<p>Una vita al servizio degli altri La nostra associazione si unisce al dolore del nostro membro del Direttivo, Arturo Varricchio, per la perdita della sua amata madre, Pina Serino, da anni socia attiva e parte integrante della nostra comunit\u00e0. Pina ha sostenuto con discrezione e profondit\u00e0 il cammino di AsDIM, incarnando i valori di solidariet\u00e0, [&hellip;]<\/p>\n","protected":false},"author":1,"featured_media":0,"parent":0,"menu_order":0,"comment_status":"open","ping_status":"closed","template":"","meta":{"give_campaign_id":0,"footnotes":""},"class_list":["post-189","page","type-page","status-publish","hentry"],"blocksy_meta":[],"campaignId":"","_links":{"self":[{"href":"https:\/\/asdim.org\/index.php\/wp-json\/wp\/v2\/pages\/189","targetHints":{"allow":["GET"]}}],"collection":[{"href":"https:\/\/asdim.org\/index.php\/wp-json\/wp\/v2\/pages"}],"about":[{"href":"https:\/\/asdim.org\/index.php\/wp-json\/wp\/v2\/types\/page"}],"author":[{"embeddable":true,"href":"https:\/\/asdim.org\/index.php\/wp-json\/wp\/v2\/users\/1"}],"replies":[{"embeddable":true,"href":"https:\/\/asdim.org\/index.php\/wp-json\/wp\/v2\/comments?post=189"}],"version-history":[{"count":11,"href":"https:\/\/asdim.org\/index.php\/wp-json\/wp\/v2\/pages\/189\/revisions"}],"predecessor-version":[{"id":237,"href":"https:\/\/asdim.org\/index.php\/wp-json\/wp\/v2\/pages\/189\/revisions\/237"}],"wp:attachment":[{"href":"https:\/\/asdim.org\/index.php\/wp-json\/wp\/v2\/media?parent=189"}],"curies":[{"name":"wp","href":"https:\/\/api.w.org\/{rel}","templated":true}]}}